{"id":534,"date":"2022-07-08T13:58:04","date_gmt":"2022-07-08T13:58:04","guid":{"rendered":"https:\/\/mendozaneocast.com\/?page_id=534"},"modified":"2022-07-11T01:51:43","modified_gmt":"2022-07-11T01:51:43","slug":"quienes-somos","status":"publish","type":"page","link":"https:\/\/mendozaneocast.com\/index.php\/quienes-somos\/","title":{"rendered":"Quienes Somos"},"content":{"rendered":"\t\t<div data-elementor-type=\"wp-page\" data-elementor-id=\"534\" class=\"elementor elementor-534\" data-elementor-post-type=\"page\">\n\t\t\t\t\t\t<section class=\"elementor-section elementor-top-section elementor-element elementor-element-26c59f6e elementor-section-boxed elementor-section-height-default elementor-section-height-default\" data-id=\"26c59f6e\" data-element_type=\"section\" data-e-type=\"section\" data-settings=\"{&quot;background_background&quot;:&quot;classic&quot;}\">\n\t\t\t\t\t\t<div class=\"elementor-container elementor-column-gap-wide\">\n\t\t\t\t\t<div class=\"elementor-column elementor-col-33 elementor-top-column elementor-element elementor-element-63cbd4eb\" data-id=\"63cbd4eb\" data-element_type=\"column\" data-e-type=\"column\">\n\t\t\t<div class=\"elementor-widget-wrap elementor-element-populated\">\n\t\t\t\t\t\t<div class=\"elementor-element elementor-element-609b356d elementor-widget elementor-widget-image\" data-id=\"609b356d\" data-element_type=\"widget\" data-e-type=\"widget\" data-widget_type=\"image.default\">\n\t\t\t\t<div class=\"elementor-widget-container\">\n\t\t\t\t\t\t\t\t\t\t\t\t\t\t\t<img fetchpriority=\"high\" decoding=\"async\" width=\"683\" height=\"1024\" src=\"https:\/\/mendozaneocast.com\/wp-content\/uploads\/2022\/06\/erudite-pro-1-1-683x1024.jpg\" class=\"attachment-large size-large wp-image-70\" alt=\"\" srcset=\"https:\/\/mendozaneocast.com\/wp-content\/uploads\/2022\/06\/erudite-pro-1-1-683x1024.jpg 683w, https:\/\/mendozaneocast.com\/wp-content\/uploads\/2022\/06\/erudite-pro-1-1-200x300.jpg 200w, https:\/\/mendozaneocast.com\/wp-content\/uploads\/2022\/06\/erudite-pro-1-1-768x1152.jpg 768w, https:\/\/mendozaneocast.com\/wp-content\/uploads\/2022\/06\/erudite-pro-1-1-1024x1536.jpg 1024w, https:\/\/mendozaneocast.com\/wp-content\/uploads\/2022\/06\/erudite-pro-1-1.jpg 1280w\" sizes=\"(max-width: 683px) 100vw, 683px\" \/>\t\t\t\t\t\t\t\t\t\t\t\t\t\t\t<\/div>\n\t\t\t\t<\/div>\n\t\t\t\t<div class=\"elementor-element elementor-element-45b2d797 elementor-hidden-phone elementor-widget elementor-widget-image\" data-id=\"45b2d797\" data-element_type=\"widget\" data-e-type=\"widget\" data-widget_type=\"image.default\">\n\t\t\t\t<div class=\"elementor-widget-container\">\n\t\t\t\t\t\t\t\t\t\t\t\t\t\t\t<img decoding=\"async\" width=\"683\" height=\"1024\" src=\"https:\/\/mendozaneocast.com\/wp-content\/uploads\/2022\/06\/erudite-pro-2-683x1024.jpg\" class=\"attachment-large size-large wp-image-75\" alt=\"\" srcset=\"https:\/\/mendozaneocast.com\/wp-content\/uploads\/2022\/06\/erudite-pro-2-683x1024.jpg 683w, https:\/\/mendozaneocast.com\/wp-content\/uploads\/2022\/06\/erudite-pro-2-200x300.jpg 200w, https:\/\/mendozaneocast.com\/wp-content\/uploads\/2022\/06\/erudite-pro-2-768x1152.jpg 768w, https:\/\/mendozaneocast.com\/wp-content\/uploads\/2022\/06\/erudite-pro-2-1024x1536.jpg 1024w, https:\/\/mendozaneocast.com\/wp-content\/uploads\/2022\/06\/erudite-pro-2.jpg 1280w\" sizes=\"(max-width: 683px) 100vw, 683px\" \/>\t\t\t\t\t\t\t\t\t\t\t\t\t\t\t<\/div>\n\t\t\t\t<\/div>\n\t\t\t\t\t<\/div>\n\t\t<\/div>\n\t\t\t\t<div class=\"elementor-column elementor-col-33 elementor-top-column elementor-element elementor-element-7ef89042\" data-id=\"7ef89042\" data-element_type=\"column\" data-e-type=\"column\">\n\t\t\t<div class=\"elementor-widget-wrap\">\n\t\t\t\t\t\t\t<\/div>\n\t\t<\/div>\n\t\t\t\t<div class=\"elementor-column elementor-col-33 elementor-top-column elementor-element elementor-element-4f2ee204\" data-id=\"4f2ee204\" data-element_type=\"column\" data-e-type=\"column\">\n\t\t\t<div class=\"elementor-widget-wrap elementor-element-populated\">\n\t\t\t\t\t\t<div class=\"elementor-element elementor-element-346fb9fe elementor-invisible elementor-widget elementor-widget-heading\" data-id=\"346fb9fe\" data-element_type=\"widget\" data-e-type=\"widget\" data-settings=\"{&quot;_animation&quot;:&quot;fadeInUp&quot;}\" data-widget_type=\"heading.default\">\n\t\t\t\t<div class=\"elementor-widget-container\">\n\t\t\t\t\t<div class=\"elementor-heading-title elementor-size-default\">instituto neocast<\/div>\t\t\t\t<\/div>\n\t\t\t\t<\/div>\n\t\t\t\t<div class=\"elementor-element elementor-element-177997c3 elementor-invisible elementor-widget elementor-widget-heading\" data-id=\"177997c3\" data-element_type=\"widget\" data-e-type=\"widget\" data-settings=\"{&quot;_animation&quot;:&quot;fadeInUp&quot;,&quot;_animation_delay&quot;:300}\" data-widget_type=\"heading.default\">\n\t\t\t\t<div class=\"elementor-widget-container\">\n\t\t\t\t\t<h2 class=\"elementor-heading-title elementor-size-default\">\u00bfQui\u00e9nes Somos?<\/h2>\t\t\t\t<\/div>\n\t\t\t\t<\/div>\n\t\t\t\t<div class=\"elementor-element elementor-element-5ff1e8e9 elementor-invisible elementor-widget elementor-widget-text-editor\" data-id=\"5ff1e8e9\" data-element_type=\"widget\" data-e-type=\"widget\" data-settings=\"{&quot;_animation&quot;:&quot;fadeInUp&quot;,&quot;_animation_delay&quot;:600}\" data-widget_type=\"text-editor.default\">\n\t\t\t\t<div class=\"elementor-widget-container\">\n\t\t\t\t\t\t\t\t\t<p>El Instituto NEOCAST, posee m\u00e1s de 25 a\u00f1os de trayectoria en la Formaci\u00f3n T\u00e9cnica de Nivel Superior, en \u00d3ptica y Contactolog\u00eda y Pr\u00f3tesis Dental. Carreras con pronta salida laboral e incorporaci\u00f3n inmediata en el mercado de trabajo espec\u00edfico; respondiendo al medio, con profesionales capacitados y especializados en dichas \u00e1reas. Los T\u00edtulos que otorga son de VALIDEZ OFICIAL NACIONAL.<\/p><p>En NEOCAST, se brinda una capacitaci\u00f3n de nivel y calidad, mediante la formaci\u00f3n del estudiante en articulaci\u00f3n: estudio\/trabajo, investigaci\u00f3n\/producci\u00f3n, y teor\u00eda\/pr\u00e1ctica; con uso y manejo de aparatolog\u00eda y tecnolog\u00eda de \u00faltima generaci\u00f3n. Los alumnos son acompa\u00f1ados por docentes altamente capacitados; quienes re\u00fanen los requisitos establecidos para el ejercicio de la docencia en el nivel superior, y se hallan insertos en el mercado productivo y\/o de servicios para el que forman.<\/p><p>Desde el primer a\u00f1o, los alumnos realizan pr\u00e1cticas profesionales en relaci\u00f3n a su futuro quehacer; posibilitando al egresado, una mejor conexi\u00f3n con la realidad profesional del contexto laboral; quedando muchas veces como empleado efectivo en sus lugares de pr\u00e1ctica, antes o al egreso de la carrera.<\/p><p>\u00a0<\/p>\t\t\t\t\t\t\t\t<\/div>\n\t\t\t\t<\/div>\n\t\t\t\t\t<\/div>\n\t\t<\/div>\n\t\t\t\t\t<\/div>\n\t\t<\/section>\n\t\t\t\t<section class=\"elementor-section elementor-top-section elementor-element elementor-element-e0b9c15 elementor-section-boxed elementor-section-height-default elementor-section-height-default\" data-id=\"e0b9c15\" data-element_type=\"section\" data-e-type=\"section\">\n\t\t\t\t\t\t<div class=\"elementor-container elementor-column-gap-default\">\n\t\t\t\t\t<div class=\"elementor-column elementor-col-100 elementor-top-column elementor-element elementor-element-e58d70e\" data-id=\"e58d70e\" data-element_type=\"column\" data-e-type=\"column\">\n\t\t\t<div class=\"elementor-widget-wrap elementor-element-populated\">\n\t\t\t\t\t\t<div class=\"elementor-element elementor-element-b90e357 elementor-invisible elementor-widget elementor-widget-text-editor\" data-id=\"b90e357\" data-element_type=\"widget\" data-e-type=\"widget\" data-settings=\"{&quot;_animation&quot;:&quot;fadeInUp&quot;,&quot;_animation_delay&quot;:600}\" data-widget_type=\"text-editor.default\">\n\t\t\t\t<div class=\"elementor-widget-container\">\n\t\t\t\t\t\t\t\t\t<p>Para pr\u00e1cticas de alumnos de Pr\u00f3tesis Dental, NEOCAST posee un \u201cLaboratorio Dental Escuela\u201d, equipado con aparatolog\u00eda de avanzada y que s\u00f3lo se encuentra en pocos laboratorios dentales privados del pa\u00eds (entre ellos Sistema CAD\/CAM para dise\u00f1o de pr\u00f3tesis dentales asistido por computador). Continuamente se invierte en capacitaci\u00f3n y perfeccionamiento cient\u00edfico\/t\u00e9cnico de docentes (en el Pa\u00eds y\/o exterior), como tambi\u00e9n, conforme a los adelantos cient\u00edficos, t\u00e9cnicos y tecnol\u00f3gicos de ambas formaciones, se incorporan y actualizan bibliograf\u00eda, material did\u00e1ctico, aparatolog\u00eda y equipamiento de laboratorio para pr\u00e1cticas de alumnos, . Sus Deptos de Investigaci\u00f3n y Extensi\u00f3n, est\u00e1n vinculados con las \u00e1reas de formaci\u00f3n profesional y de especializaci\u00f3n. NEOCAST adem\u00e1s ofrece Cursos y Especializaciones Post\u00edtulo, dictados por expositores (nacionales e internacionales); brindando mayor apertura y conocimiento a profesionales t\u00e9cnicos graduados.<\/p>\t\t\t\t\t\t\t\t<\/div>\n\t\t\t\t<\/div>\n\t\t\t\t\t<\/div>\n\t\t<\/div>\n\t\t\t\t\t<\/div>\n\t\t<\/section>\n\t\t\t\t<\/div>\n\t\t","protected":false},"excerpt":{"rendered":"<p>instituto neocast \u00bfQui\u00e9nes Somos? El Instituto NEOCAST, posee m\u00e1s de 25 a\u00f1os de trayectoria en la Formaci\u00f3n T\u00e9cnica de Nivel Superior, en \u00d3ptica y Contactolog\u00eda y Pr\u00f3tesis Dental. Carreras con pronta salida laboral e incorporaci\u00f3n inmediata en el mercado de trabajo espec\u00edfico; respondiendo al medio, con profesionales capacitados y especializados en dichas \u00e1reas. Los T\u00edtulos [&hellip;]<\/p>\n","protected":false},"author":1,"featured_media":0,"parent":0,"menu_order":0,"comment_status":"closed","ping_status":"closed","template":"","meta":{"footnotes":""},"class_list":["post-534","page","type-page","status-publish","hentry"],"_links":{"self":[{"href":"https:\/\/mendozaneocast.com\/index.php\/wp-json\/wp\/v2\/pages\/534","targetHints":{"allow":["GET"]}}],"collection":[{"href":"https:\/\/mendozaneocast.com\/index.php\/wp-json\/wp\/v2\/pages"}],"about":[{"href":"https:\/\/mendozaneocast.com\/index.php\/wp-json\/wp\/v2\/types\/page"}],"author":[{"embeddable":true,"href":"https:\/\/mendozaneocast.com\/index.php\/wp-json\/wp\/v2\/users\/1"}],"replies":[{"embeddable":true,"href":"https:\/\/mendozaneocast.com\/index.php\/wp-json\/wp\/v2\/comments?post=534"}],"version-history":[{"count":19,"href":"https:\/\/mendozaneocast.com\/index.php\/wp-json\/wp\/v2\/pages\/534\/revisions"}],"predecessor-version":[{"id":609,"href":"https:\/\/mendozaneocast.com\/index.php\/wp-json\/wp\/v2\/pages\/534\/revisions\/609"}],"wp:attachment":[{"href":"https:\/\/mendozaneocast.com\/index.php\/wp-json\/wp\/v2\/media?parent=534"}],"curies":[{"name":"wp","href":"https:\/\/api.w.org\/{rel}","templated":true}]}}